{"id":283,"date":"2020-05-01T19:27:21","date_gmt":"2020-05-01T19:27:21","guid":{"rendered":"http:\/\/waschk-cnc.de\/?page_id=283"},"modified":"2020-06-18T22:03:56","modified_gmt":"2020-06-18T22:03:56","slug":"ueber-mich-produktionsberater-patrick-waschk","status":"publish","type":"page","link":"https:\/\/waschk-cnc.de\/?page_id=283","title":{"rendered":"\u00dcber mich"},"content":{"rendered":"\n<h2 class=\"wp-block-heading\"><span style=\"color:#98c340\" class=\"has-inline-color\">FREIRAUM F\u00dcR WACHSTUM<\/span><\/h2>\n\n\n\n<p class=\"standard\">Durch meinen Einsatz als externer Produktionsberater erhalten Sie Konzepte f\u00fcr die Planung von Ver\u00e4nderungsprozessen sowie nachhaltige Unterst\u00fctzung bei deren Umsetzung, ohne dass Sie dabei den Fokus auf Ihr Tagesgesch\u00e4ft verlieren.<br><br><\/p>\n\n\n\n<div class=\"wp-block-group\"><div class=\"wp-block-group__inner-container is-layout-flow wp-block-group-is-layout-flow\">\n<h4 class=\"wp-block-heading\"><span style=\"color:#98c340\" class=\"has-inline-color\">VITA<\/span><\/h4>\n\n\n\n<ul class=\"vita\"><li>Zerspanungsmechaniker (Fachrichtung Drehtechnik)<\/li><li>Produktionstechniker mit Schwerpunkt auf Aluminium- und Sonderlegierungszerspanung<\/li><li>BA Abschluss Maschinenbau mit der Fachrichtung Produktionstechnik<\/li><li>Produktionsleiter Zerspanung (Fr\u00e4sen und Drehen)<\/li><\/ul>\n<\/div><\/div>\n\n\n\n<hr class=\"wp-block-separator\"\/>\n\n\n\n<p><\/p>\n","protected":false},"excerpt":{"rendered":"<p>FREIRAUM F\u00dcR WACHSTUM Durch meinen Einsatz als externer Produktionsberater erhalten Sie Konzepte f\u00fcr die Planung von Ver\u00e4nderungsprozessen sowie nachhaltige Unterst\u00fctzung bei deren Umsetzung, ohne dass Sie dabei den Fokus auf Ihr Tagesgesch\u00e4ft verlieren. VITA Zerspanungsmechaniker (Fachrichtung Drehtechnik) Produktionstechniker mit Schwerpunkt auf Aluminium- und Sonderlegierungszerspanung BA Abschluss Maschinenbau mit der Fachrichtung Produktionstechnik Produktionsleiter Zerspanung (Fr\u00e4sen und [&hellip;]<\/p>\n","protected":false},"author":1,"featured_media":0,"parent":0,"menu_order":0,"comment_status":"closed","ping_status":"closed","template":"","meta":{"footnotes":""},"class_list":["post-283","page","type-page","status-publish","hentry"],"_links":{"self":[{"href":"https:\/\/waschk-cnc.de\/index.php?rest_route=\/wp\/v2\/pages\/283"}],"collection":[{"href":"https:\/\/waschk-cnc.de\/index.php?rest_route=\/wp\/v2\/pages"}],"about":[{"href":"https:\/\/waschk-cnc.de\/index.php?rest_route=\/wp\/v2\/types\/page"}],"author":[{"embeddable":true,"href":"https:\/\/waschk-cnc.de\/index.php?rest_route=\/wp\/v2\/users\/1"}],"replies":[{"embeddable":true,"href":"https:\/\/waschk-cnc.de\/index.php?rest_route=%2Fwp%2Fv2%2Fcomments&post=283"}],"version-history":[{"count":4,"href":"https:\/\/waschk-cnc.de\/index.php?rest_route=\/wp\/v2\/pages\/283\/revisions"}],"predecessor-version":[{"id":348,"href":"https:\/\/waschk-cnc.de\/index.php?rest_route=\/wp\/v2\/pages\/283\/revisions\/348"}],"wp:attachment":[{"href":"https:\/\/waschk-cnc.de\/index.php?rest_route=%2Fwp%2Fv2%2Fmedia&parent=283"}],"curies":[{"name":"wp","href":"https:\/\/api.w.org\/{rel}","templated":true}]}}