{"id":280,"date":"2020-05-01T19:26:01","date_gmt":"2020-05-01T19:26:01","guid":{"rendered":"http:\/\/waschk-cnc.de\/?page_id=280"},"modified":"2024-08-07T10:23:09","modified_gmt":"2024-08-07T10:23:09","slug":"waschk-cnc-solutions-produktionsberatung-zerspanungsbranche","status":"publish","type":"page","link":"https:\/\/waschk-cnc.de\/","title":{"rendered":"Startseite"},"content":{"rendered":"\n<h2 class=\"wp-block-heading\"><span style=\"color:#98c340\" class=\"has-inline-color\">BRANCHE MIT POTENTIAL<\/span><\/h2>\n\n\n\n<p class=\"standard\">Durchsatzerh\u00f6hung, Materialeinsparung, Lieferzeitoptimierung &#8211; Nahezu alle Fertigungsbetriebe in der Zerspanungsbranche verf\u00fcgen \u00fcber ungenutztes Potential innerhalb bestehender Produktionsprozesse.<\/p>\n\n\n\n<hr class=\"wp-block-separator has-css-opacity\"\/>\n\n\n\n<p class=\"standard\">Die Aufgabe ungenutztes Potential zu erkennen und nutzbar zu machen wird \u00fcblicherweise von internen Produktions- und Fertigungsleitern \u00fcbernommen. Diese sind allerdings nicht nur rar ges\u00e4t, sondern bedeuten gerade f\u00fcr KMU einen erheblichen und langfristigen Kostenfaktor. Mit Waschk CNC Solutions biete ich Ihnen eine flexibel und kosteneffiziente Alternative zu der langfristigen Bindung an internes Personal.<\/p>\n\n\n\n<hr class=\"wp-block-separator has-css-opacity\"\/>\n\n\n\n<p class=\"standard\">Ob bei Auftragsspitzen, Unrentabilit\u00e4t oder im Rahmen eines Maschinenkaufes &#8211; Ich unterst\u00fctze Sie als externer Produktionsberater projektbezogen und zu transparenten Konditionen. Im Rahmen meiner T\u00e4tigkeit lokalisiere und erschlie\u00dfe ich f\u00fcr Sie ungenutztes Potential, setzte neue Impulse und begleite Sie bei der Umsetzung. <\/p>\n\n\n<div class=\"wp-block-image is-resized\">\n<figure class=\"aligncenter size-full\"><img loading=\"lazy\" decoding=\"async\" width=\"2560\" height=\"1707\" src=\"https:\/\/waschk-cnc.de\/wp-content\/uploads\/2020\/04\/shutterstock_309014165-scaled.jpg\" alt=\"\" class=\"wp-image-168\" srcset=\"https:\/\/waschk-cnc.de\/wp-content\/uploads\/2020\/04\/shutterstock_309014165-scaled.jpg 2560w, https:\/\/waschk-cnc.de\/wp-content\/uploads\/2020\/04\/shutterstock_309014165-300x200.jpg 300w, https:\/\/waschk-cnc.de\/wp-content\/uploads\/2020\/04\/shutterstock_309014165-1024x683.jpg 1024w, https:\/\/waschk-cnc.de\/wp-content\/uploads\/2020\/04\/shutterstock_309014165-768x512.jpg 768w, https:\/\/waschk-cnc.de\/wp-content\/uploads\/2020\/04\/shutterstock_309014165-1536x1024.jpg 1536w, https:\/\/waschk-cnc.de\/wp-content\/uploads\/2020\/04\/shutterstock_309014165-2048x1365.jpg 2048w\" sizes=\"(max-width: 2560px) 100vw, 2560px\" \/><\/figure><\/div>\n\n\n<hr class=\"wp-block-separator has-css-opacity\"\/>\n\n\n\n<h2><span style=\"color:#98c340\" \"=\"\" class=\"has-inline-color\">BASIS DES ERFOLGS<\/span><\/h2>\n\n\n\n<p><strong>erfahren, motiviert, zukunftsorientiert<\/strong><\/p>\n\n\n\n<p class=\"standard\">Erfahrene und motivierte Fachkr\u00e4fte sind die Basis Ihres unternehmerischen Erfolges und Kern eines jeden KMU. Sie k\u00f6nnen ma\u00dfgeblich zum Erfolg von Optimierungsma\u00dfnahmen beitragen und stellen mit Ihrem Wissen um interne Abl\u00e4ufe und Besonderheiten des Maschinenparks eine wertvolle Informationsquelle.<\/p>\n\n\n\n<p class=\"standard\">Allerdings k\u00f6nnen Ver\u00e4nderungsprozesse, insbesondere wenn Sie von au\u00dfen eingeleitet werden, in der Belegschaft zu Unsicherheit f\u00fchren. Diese kann sich nicht nur negativ auf das Betriebsklima auswirken, sondern auch den Erfolg von Ma\u00dfnahmen schm\u00e4lern.<\/p>\n\n\n\n<div class=\"wp-block-columns is-layout-flex wp-container-core-columns-is-layout-1 wp-block-columns-is-layout-flex\">\n<div class=\"wp-block-column is-layout-flow wp-block-column-is-layout-flow\">\n<figure class=\"wp-block-image size-large is-resized is-style-default\"><img loading=\"lazy\" decoding=\"async\" width=\"1024\" height=\"683\" src=\"https:\/\/waschk-cnc.de\/wp-content\/uploads\/2020\/04\/shutterstock_305418506-1024x683.jpg\" alt=\"Produktionsberatung Zerspanungsbranche Management Beratung\" class=\"wp-image-164\" style=\"aspect-ratio:1;object-fit:contain;width:457px;height:auto\" srcset=\"https:\/\/waschk-cnc.de\/wp-content\/uploads\/2020\/04\/shutterstock_305418506-1024x683.jpg 1024w, https:\/\/waschk-cnc.de\/wp-content\/uploads\/2020\/04\/shutterstock_305418506-300x200.jpg 300w, https:\/\/waschk-cnc.de\/wp-content\/uploads\/2020\/04\/shutterstock_305418506-768x512.jpg 768w, https:\/\/waschk-cnc.de\/wp-content\/uploads\/2020\/04\/shutterstock_305418506-1536x1024.jpg 1536w, https:\/\/waschk-cnc.de\/wp-content\/uploads\/2020\/04\/shutterstock_305418506-2048x1365.jpg 2048w\" sizes=\"(max-width: 1024px) 100vw, 1024px\" \/><\/figure>\n<\/div>\n\n\n\n<div class=\"wp-block-column is-layout-flow wp-block-column-is-layout-flow\">\n<p class=\"standard\">Bei der Planung und Umsetzung von Ver\u00e4nderungsprozessen in Ihrem Unternehmen beziehe ich die Mitarbeiter von Beginn an mit ein und verbinde deren Erfahrung mit neuen frischen Impulsen zu einem optimalen Endergebnis.<\/p>\n<\/div>\n\n\n\n<div class=\"wp-block-column is-layout-flow wp-block-column-is-layout-flow\">\n<figure class=\"wp-block-image size-large is-resized\"><img loading=\"lazy\" decoding=\"async\" width=\"1024\" height=\"630\" src=\"https:\/\/waschk-cnc.de\/wp-content\/uploads\/2020\/04\/shutterstock_1067929820-1024x630.jpg\" alt=\"Produktionsberatung Zerspanungsbranche Prozessoptimierung\" class=\"wp-image-165\" style=\"aspect-ratio:1;object-fit:contain;width:474px;height:auto\" srcset=\"https:\/\/waschk-cnc.de\/wp-content\/uploads\/2020\/04\/shutterstock_1067929820-1024x630.jpg 1024w, https:\/\/waschk-cnc.de\/wp-content\/uploads\/2020\/04\/shutterstock_1067929820-300x184.jpg 300w, https:\/\/waschk-cnc.de\/wp-content\/uploads\/2020\/04\/shutterstock_1067929820-768x472.jpg 768w, https:\/\/waschk-cnc.de\/wp-content\/uploads\/2020\/04\/shutterstock_1067929820-1536x944.jpg 1536w, https:\/\/waschk-cnc.de\/wp-content\/uploads\/2020\/04\/shutterstock_1067929820-2048x1259.jpg 2048w\" sizes=\"(max-width: 1024px) 100vw, 1024px\" \/><\/figure>\n<\/div>\n<\/div>\n","protected":false},"excerpt":{"rendered":"<p>BRANCHE MIT POTENTIAL Durchsatzerh\u00f6hung, Materialeinsparung, Lieferzeitoptimierung &#8211; Nahezu alle Fertigungsbetriebe in der Zerspanungsbranche verf\u00fcgen \u00fcber ungenutztes Potential innerhalb bestehender Produktionsprozesse. Die Aufgabe ungenutztes Potential zu erkennen und nutzbar zu machen wird \u00fcblicherweise von internen Produktions- und Fertigungsleitern \u00fcbernommen. Diese sind allerdings nicht nur rar ges\u00e4t, sondern bedeuten gerade f\u00fcr KMU einen erheblichen und langfristigen Kostenfaktor. [&hellip;]<\/p>\n","protected":false},"author":1,"featured_media":0,"parent":0,"menu_order":0,"comment_status":"closed","ping_status":"closed","template":"","meta":{"footnotes":""},"class_list":["post-280","page","type-page","status-publish","hentry"],"_links":{"self":[{"href":"https:\/\/waschk-cnc.de\/index.php?rest_route=\/wp\/v2\/pages\/280"}],"collection":[{"href":"https:\/\/waschk-cnc.de\/index.php?rest_route=\/wp\/v2\/pages"}],"about":[{"href":"https:\/\/waschk-cnc.de\/index.php?rest_route=\/wp\/v2\/types\/page"}],"author":[{"embeddable":true,"href":"https:\/\/waschk-cnc.de\/index.php?rest_route=\/wp\/v2\/users\/1"}],"replies":[{"embeddable":true,"href":"https:\/\/waschk-cnc.de\/index.php?rest_route=%2Fwp%2Fv2%2Fcomments&post=280"}],"version-history":[{"count":22,"href":"https:\/\/waschk-cnc.de\/index.php?rest_route=\/wp\/v2\/pages\/280\/revisions"}],"predecessor-version":[{"id":405,"href":"https:\/\/waschk-cnc.de\/index.php?rest_route=\/wp\/v2\/pages\/280\/revisions\/405"}],"wp:attachment":[{"href":"https:\/\/waschk-cnc.de\/index.php?rest_route=%2Fwp%2Fv2%2Fmedia&parent=280"}],"curies":[{"name":"wp","href":"https:\/\/api.w.org\/{rel}","templated":true}]}}