{"id":14,"date":"2020-04-29T23:33:15","date_gmt":"2020-04-29T23:33:15","guid":{"rendered":"http:\/\/waschk-cnc.de\/?page_id=14"},"modified":"2020-06-18T22:00:44","modified_gmt":"2020-06-18T22:00:44","slug":"waschk-cnc-solutions-produktionsberatung-prozessoptimierung","status":"publish","type":"page","link":"https:\/\/waschk-cnc.de\/?page_id=14","title":{"rendered":"Leistungsangebot"},"content":{"rendered":"\n<h2 class=\"wp-block-heading\"><span style=\"color:#98c340\" class=\"has-inline-color\">LEISTUNGEN MIT SUBSTANZ<\/span><\/h2>\n\n\n\n<p>modular, effektiv, nachhaltig<\/p>\n\n\n\n<p class=\"standard\">Produzierende Betriebe aus dem Bereich Zerspanung profitieren von meinem umfangreichen Ma\u00dfnahmenpaket aus <span style=\"color:#98c340\" class=\"has-inline-color\">Analyse-, Planungs-, Steuerungs-<\/span> und <span style=\"color:#98c340\" class=\"has-inline-color\">Optimierungsleistungen<\/span>.<\/p>\n\n\n\n<p class=\"standard\">Alle Bausteine sind modular einsetzbar und werden individuell auf die Situation im betreuten Unternehmen angepasst.<\/p>\n\n\n\n<div class=\"wp-block-columns is-layout-flex wp-container-core-columns-is-layout-1 wp-block-columns-is-layout-flex\">\n<div class=\"wp-block-column is-layout-flow wp-block-column-is-layout-flow\" style=\"flex-basis:33.33%\">\n<ul class=\"vita wp-block-list\"><li>Transparenz herstellen<\/li><li>Potential erkennen<\/li><li>Synergien nutzen<\/li><li>Impulse setzen<\/li><li>Ver\u00e4nderung begleiten<\/li><li>Freir\u00e4ume schaffen<\/li><\/ul>\n<\/div>\n\n\n\n<div class=\"wp-block-column is-layout-flow wp-block-column-is-layout-flow\" style=\"flex-basis:66.66%\">\n<div class=\"wp-block-image\"><figure class=\"alignright size-large is-resized\"><img loading=\"lazy\" decoding=\"async\" src=\"https:\/\/waschk-cnc.de\/wp-content\/uploads\/2020\/04\/shutterstock_1212038584-1024x683.jpg\" alt=\"Analyseleistungen Planungsleistungen Optimierungsleistungen Steuerungsleistungen\" class=\"wp-image-167\" width=\"768\" height=\"512\" title=\"Analyseleistungen Planungsleistungen Optimierungsleistungen Steuerungsleistungen\" srcset=\"https:\/\/waschk-cnc.de\/wp-content\/uploads\/2020\/04\/shutterstock_1212038584-1024x683.jpg 1024w, https:\/\/waschk-cnc.de\/wp-content\/uploads\/2020\/04\/shutterstock_1212038584-300x200.jpg 300w, https:\/\/waschk-cnc.de\/wp-content\/uploads\/2020\/04\/shutterstock_1212038584-768x512.jpg 768w, https:\/\/waschk-cnc.de\/wp-content\/uploads\/2020\/04\/shutterstock_1212038584-1536x1024.jpg 1536w, https:\/\/waschk-cnc.de\/wp-content\/uploads\/2020\/04\/shutterstock_1212038584-2048x1365.jpg 2048w\" sizes=\"(max-width: 768px) 100vw, 768px\" \/><\/figure><\/div>\n<\/div>\n<\/div>\n\n\n\n<hr class=\"wp-block-separator\"\/>\n\n\n\n<figure class=\"wp-block-image size-large is-resized\"><img loading=\"lazy\" decoding=\"async\" src=\"https:\/\/waschk-cnc.de\/wp-content\/uploads\/2020\/04\/Leist_Kennzahlenermittlung.jpg\" alt=\"Produktionsberatung - Kennzahlenermittlung\" class=\"wp-image-145\" width=\"290\" height=\"30\" title=\"Produktionsberatung - Kennzahlenermittlung\" srcset=\"https:\/\/waschk-cnc.de\/wp-content\/uploads\/2020\/04\/Leist_Kennzahlenermittlung.jpg 966w, https:\/\/waschk-cnc.de\/wp-content\/uploads\/2020\/04\/Leist_Kennzahlenermittlung-300x31.jpg 300w, https:\/\/waschk-cnc.de\/wp-content\/uploads\/2020\/04\/Leist_Kennzahlenermittlung-768x80.jpg 768w\" sizes=\"(max-width: 290px) 100vw, 290px\" \/><\/figure>\n\n\n\n<p class=\"leistungen\">Ermittlung der fertigungsrelevanten Kennzahlen mit Ziel der Offenlegung von Optimierungspotential und Schaffung von Transparenz.<\/p>\n\n\n\n<figure class=\"wp-block-image size-large is-resized\"><img loading=\"lazy\" decoding=\"async\" src=\"https:\/\/waschk-cnc.de\/wp-content\/uploads\/2020\/04\/Leist_DatenerhebungderFertigung-1024x87.jpg\" alt=\"Datenerhebung der Fertigung\" class=\"wp-image-136\" width=\"355\" height=\"30\" title=\"Datenerhebung der Fertigung\"\/><\/figure>\n\n\n\n<p class=\"leistungen\">Implementierung oder Optimierung einer kontinuierlichen und nachhaltigen Erfassung von Fertigungsdaten mittels einer Fertigungssoftware (ERP) oder der Einrichtung eines eigenen datenbankgest\u00fctzten Systems.<\/p>\n\n\n\n<figure class=\"wp-block-image size-large is-resized\"><img loading=\"lazy\" decoding=\"async\" src=\"https:\/\/waschk-cnc.de\/wp-content\/uploads\/2020\/04\/Leist_Fertigungsanalsyse.jpg\" alt=\"Fertigungsanalyse\" class=\"wp-image-144\" width=\"248\" height=\"30\" title=\"Fertigungsanalyse\" srcset=\"https:\/\/waschk-cnc.de\/wp-content\/uploads\/2020\/04\/Leist_Fertigungsanalsyse.jpg 836w, https:\/\/waschk-cnc.de\/wp-content\/uploads\/2020\/04\/Leist_Fertigungsanalsyse-300x36.jpg 300w, https:\/\/waschk-cnc.de\/wp-content\/uploads\/2020\/04\/Leist_Fertigungsanalsyse-768x93.jpg 768w\" sizes=\"(max-width: 248px) 100vw, 248px\" \/><\/figure>\n\n\n\n<p class=\"leistungen\">Analyse der Fertigung in Hinsicht auf  Leistungsf\u00e4higkeit und aktueller Auslastung. Diese Analyse baut auf die Ergebnisse der Kennzahlenermittlung auf, um m\u00f6gliche Schwachstellen in der Wertsch\u00f6pfungskette zu lokalisieren und zu beheben.<\/p>\n\n\n\n<figure class=\"wp-block-image size-large is-resized\"><img loading=\"lazy\" decoding=\"async\" src=\"https:\/\/waschk-cnc.de\/wp-content\/uploads\/2020\/04\/Leist_Prozessoptimierung.jpg\" alt=\"Prozessoptimierung\" class=\"wp-image-149\" width=\"259\" height=\"30\" title=\"Prozessoptimierung\" srcset=\"https:\/\/waschk-cnc.de\/wp-content\/uploads\/2020\/04\/Leist_Prozessoptimierung.jpg 870w, https:\/\/waschk-cnc.de\/wp-content\/uploads\/2020\/04\/Leist_Prozessoptimierung-300x35.jpg 300w, https:\/\/waschk-cnc.de\/wp-content\/uploads\/2020\/04\/Leist_Prozessoptimierung-768x89.jpg 768w\" sizes=\"(max-width: 259px) 100vw, 259px\" \/><\/figure>\n\n\n\n<p class=\"leistungen\">Zusammenf\u00fchrung der Erkenntnisse aus der Kennzahlenermittlung und der Fertigungsanalyse. Einzelne Prozesse mit Handlungsbedarf werden identifiziert und Optimierungsma\u00dfnahmen eingeleitet.<\/p>\n\n\n\n<div class=\"wp-block-columns is-layout-flex wp-container-core-columns-is-layout-2 wp-block-columns-is-layout-flex\">\n<div class=\"wp-block-column is-layout-flow wp-block-column-is-layout-flow\">\n<figure class=\"wp-block-image size-large is-resized\"><img loading=\"lazy\" decoding=\"async\" src=\"https:\/\/waschk-cnc.de\/wp-content\/uploads\/2020\/04\/shutterstock_702099169-1024x576.jpg\" alt=\"CNC Programmierung und Maschinenbedienung\" class=\"wp-image-162\" width=\"1024\" height=\"576\" srcset=\"https:\/\/waschk-cnc.de\/wp-content\/uploads\/2020\/04\/shutterstock_702099169-1024x576.jpg 1024w, https:\/\/waschk-cnc.de\/wp-content\/uploads\/2020\/04\/shutterstock_702099169-300x169.jpg 300w, https:\/\/waschk-cnc.de\/wp-content\/uploads\/2020\/04\/shutterstock_702099169-768x432.jpg 768w, https:\/\/waschk-cnc.de\/wp-content\/uploads\/2020\/04\/shutterstock_702099169-1536x864.jpg 1536w, https:\/\/waschk-cnc.de\/wp-content\/uploads\/2020\/04\/shutterstock_702099169-2048x1152.jpg 2048w\" sizes=\"(max-width: 1024px) 100vw, 1024px\" \/><\/figure>\n<\/div>\n\n\n\n<div class=\"wp-block-column is-layout-flow wp-block-column-is-layout-flow\">\n<figure class=\"wp-block-image size-large is-resized\"><img loading=\"lazy\" decoding=\"async\" src=\"https:\/\/waschk-cnc.de\/wp-content\/uploads\/2020\/04\/shutterstock_1361487176-scaled-e1588364017448-1024x576.jpg\" alt=\"Werkzeuge und Werkzeugmanagement\" class=\"wp-image-159\" width=\"1024\" height=\"576\" srcset=\"https:\/\/waschk-cnc.de\/wp-content\/uploads\/2020\/04\/shutterstock_1361487176-scaled-e1588364017448-1024x576.jpg 1024w, https:\/\/waschk-cnc.de\/wp-content\/uploads\/2020\/04\/shutterstock_1361487176-scaled-e1588364017448-300x169.jpg 300w, https:\/\/waschk-cnc.de\/wp-content\/uploads\/2020\/04\/shutterstock_1361487176-scaled-e1588364017448-768x432.jpg 768w, https:\/\/waschk-cnc.de\/wp-content\/uploads\/2020\/04\/shutterstock_1361487176-scaled-e1588364017448-1536x864.jpg 1536w, https:\/\/waschk-cnc.de\/wp-content\/uploads\/2020\/04\/shutterstock_1361487176-scaled-e1588364017448-2048x1152.jpg 2048w\" sizes=\"(max-width: 1024px) 100vw, 1024px\" \/><\/figure>\n<\/div>\n<\/div>\n\n\n\n<figure class=\"wp-block-image size-large is-resized\"><img loading=\"lazy\" decoding=\"async\" src=\"https:\/\/waschk-cnc.de\/wp-content\/uploads\/2020\/04\/Leist_Produktionsplanung.jpg\" alt=\"Prozessoptimierung - Produktionsplanung\" class=\"wp-image-148\" width=\"277\" height=\"30\" title=\"Produktionsplanung\" srcset=\"https:\/\/waschk-cnc.de\/wp-content\/uploads\/2020\/04\/Leist_Produktionsplanung.jpg 907w, https:\/\/waschk-cnc.de\/wp-content\/uploads\/2020\/04\/Leist_Produktionsplanung-300x33.jpg 300w, https:\/\/waschk-cnc.de\/wp-content\/uploads\/2020\/04\/Leist_Produktionsplanung-768x86.jpg 768w\" sizes=\"(max-width: 277px) 100vw, 277px\" \/><\/figure>\n\n\n\n<p class=\"leistungen\">Erstellung eines Produktionsplanes unter Ber\u00fccksichtigung der aktuellen Fertigungskapazit\u00e4ten, der gew\u00fcnschten Liefertermine sowie der vorgegebenen Qualit\u00e4tsstandards. Durch die optimale Produktionsreihenfolge werden die M\u00f6glichkeiten der Fertigung maximal ausgenutzt.<\/p>\n\n\n\n<figure class=\"wp-block-image size-large is-resized\"><img loading=\"lazy\" decoding=\"async\" src=\"https:\/\/waschk-cnc.de\/wp-content\/uploads\/2020\/04\/Leist_Materialmanagement.jpg\" alt=\"Prozessoptimierung - Materialmanagement\" class=\"wp-image-147\" width=\"272\" height=\"30\" title=\"Materialmanagement\" srcset=\"https:\/\/waschk-cnc.de\/wp-content\/uploads\/2020\/04\/Leist_Materialmanagement.jpg 911w, https:\/\/waschk-cnc.de\/wp-content\/uploads\/2020\/04\/Leist_Materialmanagement-300x33.jpg 300w, https:\/\/waschk-cnc.de\/wp-content\/uploads\/2020\/04\/Leist_Materialmanagement-768x85.jpg 768w\" sizes=\"(max-width: 272px) 100vw, 272px\" \/><\/figure>\n\n\n\n<p class=\"leistungen\">Entwicklung eines systematischen Materialhandlings im Unternehmen. Durch die eingesparte Zeit werden die St\u00fcckproduktionskosten nachhaltig gesenkt.<\/p>\n\n\n\n<figure class=\"wp-block-image size-large is-resized\"><img loading=\"lazy\" decoding=\"async\" src=\"https:\/\/waschk-cnc.de\/wp-content\/uploads\/2020\/04\/Leist_Auftragsmanagement.jpg\" alt=\"Prozessoptimierung - Auftragsmanagement\" class=\"wp-image-140\" width=\"280\" height=\"30\" title=\"Auftragsmanagement\" srcset=\"https:\/\/waschk-cnc.de\/wp-content\/uploads\/2020\/04\/Leist_Auftragsmanagement.jpg 912w, https:\/\/waschk-cnc.de\/wp-content\/uploads\/2020\/04\/Leist_Auftragsmanagement-300x33.jpg 300w, https:\/\/waschk-cnc.de\/wp-content\/uploads\/2020\/04\/Leist_Auftragsmanagement-768x84.jpg 768w\" sizes=\"(max-width: 280px) 100vw, 280px\" \/><\/figure>\n\n\n\n<p class=\"leistungen\">Implementierung eines auf die Fertigung angepassten Auftragsmanagements auf Grundlage der ermittelten Kennzahlen. Die geschaffene Transparenz erm\u00f6glicht es, Stillstandzeiten zu reduzieren und eine optimale Auslastung zu erreichen. Die automatische und kontinuierliche Erfassung aller relevanten Produktionskennzahlen zeigt Schwachstellen in der Produktionskette auf.<\/p>\n\n\n\n<figure class=\"wp-block-image size-large is-resized\"><img loading=\"lazy\" decoding=\"async\" src=\"https:\/\/waschk-cnc.de\/wp-content\/uploads\/2020\/04\/Leist_Werkzeugmanagement.jpg\" alt=\"Prozessoptimierung - Werkzeugmanagement\" class=\"wp-image-150\" width=\"282\" height=\"30\" title=\"Werkzeugmanagement\" srcset=\"https:\/\/waschk-cnc.de\/wp-content\/uploads\/2020\/04\/Leist_Werkzeugmanagement.jpg 931w, https:\/\/waschk-cnc.de\/wp-content\/uploads\/2020\/04\/Leist_Werkzeugmanagement-300x33.jpg 300w, https:\/\/waschk-cnc.de\/wp-content\/uploads\/2020\/04\/Leist_Werkzeugmanagement-768x83.jpg 768w\" sizes=\"(max-width: 282px) 100vw, 282px\" \/><\/figure>\n\n\n\n<p class=\"leistungen\">Ermittlung der optimalen Werkzeuge auf Basis der einhergehenden Untersuchung der bestehenden Produktionsprozesse mit Ziel der Produktivit\u00e4tssteigerung. Zus\u00e4tzliche Optimierung der Maschinenr\u00fcstzeiten durch Einf\u00fchrung eines Werkzeugausgabesystems.<\/p>\n\n\n\n<figure class=\"wp-block-image size-large is-resized\"><img loading=\"lazy\" decoding=\"async\" src=\"https:\/\/waschk-cnc.de\/wp-content\/uploads\/2020\/04\/Leist_Expansionsunterst\u00fctzung-1024x95.jpg\" alt=\"Expansionsunterst\u00fctzung\" class=\"wp-image-143\" width=\"335\" height=\"30\" title=\"Expansionsunterst\u00fctzung\" srcset=\"https:\/\/waschk-cnc.de\/wp-content\/uploads\/2020\/04\/Leist_Expansionsunterst\u00fctzung-1024x95.jpg 1024w, https:\/\/waschk-cnc.de\/wp-content\/uploads\/2020\/04\/Leist_Expansionsunterst\u00fctzung-300x28.jpg 300w, https:\/\/waschk-cnc.de\/wp-content\/uploads\/2020\/04\/Leist_Expansionsunterst\u00fctzung-768x71.jpg 768w, https:\/\/waschk-cnc.de\/wp-content\/uploads\/2020\/04\/Leist_Expansionsunterst\u00fctzung.jpg 1064w\" sizes=\"(max-width: 335px) 100vw, 335px\" \/><\/figure>\n\n\n\n<p class=\"leistungen\">Sicherstellung des reibungslosen Ablaufes von Unternehmenserweiterungen durch unterst\u00fctzende T\u00e4tigkeit bei der Neuorganisation von betrieblichen Abl\u00e4ufen, der Planung von Fertigungsr\u00e4umen oder der B\u00fcroorganisation.<\/p>\n\n\n\n<figure class=\"wp-block-image size-large is-resized\"><img loading=\"lazy\" decoding=\"async\" src=\"https:\/\/waschk-cnc.de\/wp-content\/uploads\/2020\/04\/Leist_Maschinenauswahl.jpg\" alt=\"Produktionsberatung - Maschinenauswahl\" class=\"wp-image-146\" width=\"261\" height=\"30\" title=\"Maschinenauswahl\" srcset=\"https:\/\/waschk-cnc.de\/wp-content\/uploads\/2020\/04\/Leist_Maschinenauswahl.jpg 842w, https:\/\/waschk-cnc.de\/wp-content\/uploads\/2020\/04\/Leist_Maschinenauswahl-300x36.jpg 300w, https:\/\/waschk-cnc.de\/wp-content\/uploads\/2020\/04\/Leist_Maschinenauswahl-768x91.jpg 768w\" sizes=\"(max-width: 261px) 100vw, 261px\" \/><\/figure>\n\n\n\n<p class=\"leistungen\">Vorbereitung der Neuanschaffung von Produktionsmaschinen durch die Lieferung einer konkreten Vorauswahl f\u00fcr den Anwendungsfall geeigneter Maschinen. Grundlage f\u00fcr die Vorauswahl ist ein auf Basis einer Bedarfsanalyse erstellter Anforderungskatalog. Dieses minimiert den Zeitaufwand im Unternehmen und schafft Freir\u00e4ume f\u00fcr das Tagesgesch\u00e4ft.<\/p>\n\n\n\n<figure class=\"wp-block-image size-full is-resized\"><img loading=\"lazy\" decoding=\"async\" src=\"https:\/\/waschk-cnc.de\/wp-content\/uploads\/2020\/04\/shutterstock_1059489023-scaled-e1588363334574.jpg\" alt=\"Fanuc Bedienpanel - CNC Programmierung\" class=\"wp-image-166\" width=\"2560\" height=\"851\" srcset=\"https:\/\/waschk-cnc.de\/wp-content\/uploads\/2020\/04\/shutterstock_1059489023-scaled-e1588363334574.jpg 2560w, https:\/\/waschk-cnc.de\/wp-content\/uploads\/2020\/04\/shutterstock_1059489023-scaled-e1588363334574-300x100.jpg 300w, https:\/\/waschk-cnc.de\/wp-content\/uploads\/2020\/04\/shutterstock_1059489023-scaled-e1588363334574-1024x340.jpg 1024w, https:\/\/waschk-cnc.de\/wp-content\/uploads\/2020\/04\/shutterstock_1059489023-scaled-e1588363334574-768x255.jpg 768w, https:\/\/waschk-cnc.de\/wp-content\/uploads\/2020\/04\/shutterstock_1059489023-scaled-e1588363334574-1536x511.jpg 1536w, https:\/\/waschk-cnc.de\/wp-content\/uploads\/2020\/04\/shutterstock_1059489023-scaled-e1588363334574-2048x681.jpg 2048w\" sizes=\"(max-width: 2560px) 100vw, 2560px\" \/><\/figure>\n\n\n\n<p><br><br><\/p>\n\n\n\n<figure class=\"wp-block-image size-large is-resized\"><img loading=\"lazy\" decoding=\"async\" src=\"https:\/\/waschk-cnc.de\/wp-content\/uploads\/2020\/04\/Leist_CNC-Programmentwicklung-1024x94.jpg\" alt=\"Produktionsberatung - CNC Programmentwicklung\" class=\"wp-image-141\" width=\"328\" height=\"30\" title=\"CNC Programmentwicklung\" srcset=\"https:\/\/waschk-cnc.de\/wp-content\/uploads\/2020\/04\/Leist_CNC-Programmentwicklung-1024x94.jpg 1024w, https:\/\/waschk-cnc.de\/wp-content\/uploads\/2020\/04\/Leist_CNC-Programmentwicklung-300x28.jpg 300w, https:\/\/waschk-cnc.de\/wp-content\/uploads\/2020\/04\/Leist_CNC-Programmentwicklung-768x70.jpg 768w, https:\/\/waschk-cnc.de\/wp-content\/uploads\/2020\/04\/Leist_CNC-Programmentwicklung.jpg 1090w\" sizes=\"(max-width: 328px) 100vw, 328px\" \/><\/figure>\n\n\n\n<p class=\"leistungenabsatz\">Moderne Produktionsmaschinen erm\u00f6glichen durch hauptzeitparallele Programmierung und vereinfachende Dialogsysteme die direkte Erstellung von Steuerungsprogrammen vor Ort. Diese gestaltet sich doch gerade bei komplexen Bauteilen durch die Produktionsumgebung und die Steuerungsgestaltung der Panels oftmals als schwierig. Hinzu kommt, dass die Zyklen von Dialogsystemen in der Regel nicht zeit- und standzeitoptimiert einsetzbar sind.<\/p>\n\n\n\n<div class=\"wp-block-image\"><figure class=\"alignright size-large is-resized\"><img loading=\"lazy\" decoding=\"async\" src=\"https:\/\/waschk-cnc.de\/wp-content\/uploads\/2020\/04\/shutterstock_1157354179-scaled-e1588363458408-1024x514.jpg\" alt=\"Externe CNC Programmentwicklung\" class=\"wp-image-160\" width=\"512\" height=\"257\" srcset=\"https:\/\/waschk-cnc.de\/wp-content\/uploads\/2020\/04\/shutterstock_1157354179-scaled-e1588363458408-1024x514.jpg 1024w, https:\/\/waschk-cnc.de\/wp-content\/uploads\/2020\/04\/shutterstock_1157354179-scaled-e1588363458408-300x151.jpg 300w, https:\/\/waschk-cnc.de\/wp-content\/uploads\/2020\/04\/shutterstock_1157354179-scaled-e1588363458408-768x386.jpg 768w, https:\/\/waschk-cnc.de\/wp-content\/uploads\/2020\/04\/shutterstock_1157354179-scaled-e1588363458408-1536x772.jpg 1536w, https:\/\/waschk-cnc.de\/wp-content\/uploads\/2020\/04\/shutterstock_1157354179-scaled-e1588363458408-2048x1029.jpg 2048w\" sizes=\"(max-width: 512px) 100vw, 512px\" \/><\/figure><\/div>\n\n\n\n<p class=\"leistungenabsatz\">Profitieren Sie bei der Entwicklung und Optimierung von DIN CNC Programmen von meiner Erfahrung. Ich bin insbesondere auf Fanuc und DIN\/ISO Programmierung und Zyklen spezialisiert. Ich programmiere standzeit- und durchlaufzeitoptimiert und mache bereits existierende Programme effizienter. Mittels 2D-CAM oder 3D-CAM &#8211; Systemen erstelle ich auf Basis von 3D Modellen oder technischen Zeichnungen individuell auf Ihre Produktion zugeschnittene Werkst\u00fcckprogramme f\u00fcr die Fertigung von Fr\u00e4s- oder Drehteilen. Diese werden erst nach Fertigstellung via Datentransfer \u00fcbertragen.<\/p>\n\n\n\n<p class=\"leistungenende\">F\u00fcr Sie kommt es dabei zu keiner Bearbeitungsunterbrechung &#8211; Ihre Fertigung kann w\u00e4hrend dieser Zeit problemlos weiterlaufen.<br><br><\/p>\n","protected":false},"excerpt":{"rendered":"<p>LEISTUNGEN MIT SUBSTANZ modular, effektiv, nachhaltig Produzierende Betriebe aus dem Bereich Zerspanung profitieren von meinem umfangreichen Ma\u00dfnahmenpaket aus Analyse-, Planungs-, Steuerungs- und Optimierungsleistungen. Alle Bausteine sind modular einsetzbar und werden individuell auf die Situation im betreuten Unternehmen angepasst. Transparenz herstellen Potential erkennen Synergien nutzen Impulse setzen Ver\u00e4nderung begleiten Freir\u00e4ume schaffen Ermittlung der fertigungsrelevanten Kennzahlen mit [&hellip;]<\/p>\n","protected":false},"author":1,"featured_media":0,"parent":0,"menu_order":0,"comment_status":"closed","ping_status":"closed","template":"","meta":{"footnotes":""},"class_list":["post-14","page","type-page","status-publish","hentry"],"_links":{"self":[{"href":"https:\/\/waschk-cnc.de\/index.php?rest_route=\/wp\/v2\/pages\/14"}],"collection":[{"href":"https:\/\/waschk-cnc.de\/index.php?rest_route=\/wp\/v2\/pages"}],"about":[{"href":"https:\/\/waschk-cnc.de\/index.php?rest_route=\/wp\/v2\/types\/page"}],"author":[{"embeddable":true,"href":"https:\/\/waschk-cnc.de\/index.php?rest_route=\/wp\/v2\/users\/1"}],"replies":[{"embeddable":true,"href":"https:\/\/waschk-cnc.de\/index.php?rest_route=%2Fwp%2Fv2%2Fcomments&post=14"}],"version-history":[{"count":120,"href":"https:\/\/waschk-cnc.de\/index.php?rest_route=\/wp\/v2\/pages\/14\/revisions"}],"predecessor-version":[{"id":375,"href":"https:\/\/waschk-cnc.de\/index.php?rest_route=\/wp\/v2\/pages\/14\/revisions\/375"}],"wp:attachment":[{"href":"https:\/\/waschk-cnc.de\/index.php?rest_route=%2Fwp%2Fv2%2Fmedia&parent=14"}],"curies":[{"name":"wp","href":"https:\/\/api.w.org\/{rel}","templated":true}]}}